{"id":1231,"date":"2023-10-03T17:06:33","date_gmt":"2023-10-03T17:06:33","guid":{"rendered":"https:\/\/xn--inmogestionnuez-brb.es\/?page_id=1231"},"modified":"2025-03-26T11:03:32","modified_gmt":"2025-03-26T11:03:32","slug":"sobre-nosotros","status":"publish","type":"page","link":"https:\/\/xn--inmogestionnuez-brb.es\/en\/sobre-nosotros\/","title":{"rendered":"Sobre nosotros"},"content":{"rendered":"<p><div class=\"fusion-fullwidth fullwidth-box fusion-builder-row-1 fusion-flex-container has-pattern-background has-mask-background nonhundred-percent-fullwidth non-hundred-percent-height-scrolling\" style=\"--awb-border-radius-top-left:0px;--awb-border-radius-top-right:0px;--awb-border-radius-bottom-right:0px;--awb-border-radius-bottom-left:0px;--awb-padding-top:5px;--awb-padding-bottom:72px;--awb-flex-wrap:wrap;\" ><div class=\"fusion-builder-row fusion-row fusion-flex-align-items-flex-start fusion-flex-justify-content-center fusion-flex-content-wrap\" style=\"max-width:calc( 1200px + 130px );margin-left: calc(-130px \/ 2 );margin-right: calc(-130px \/ 2 );\"><div class=\"fusion-layout-column fusion_builder_column fusion-builder-column-0 fusion_builder_column_1_1 1_1 fusion-flex-column\" style=\"--awb-padding-top:45px;--awb-bg-size:cover;--awb-width-large:100%;--awb-spacing-right-large:65px;--awb-margin-bottom-large:0px;--awb-spacing-left-large:65px;--awb-width-medium:100%;--awb-order-medium:0;--awb-spacing-right-medium:65px;--awb-spacing-left-medium:65px;--awb-width-small:100%;--awb-order-small:0;--awb-spacing-right-small:65px;--awb-spacing-left-small:65px;\"><div class=\"fusion-column-wrapper fusion-column-has-shadow fusion-flex-justify-content-flex-start fusion-content-layout-column\"><div class=\"fusion-text fusion-text-1\"><p style=\"text-align: justify;\">En <b>N\u00fa\u00f1ez &amp; N\u00fa\u00f1ez<\/b>, nos dedicamos a la gesti\u00f3n inmobiliaria integral en Olivenza y sus alrededores, ofreciendo un servicio profesional, cercano y personalizado. Nuestra misi\u00f3n es ayudarte a encontrar la mejor soluci\u00f3n para tus necesidades inmobiliarias, ya sea en la compra, venta o alquiler de inmuebles.<\/p>\n<p style=\"text-align: justify;\">Con a\u00f1os de experiencia en el sector, conocemos a la perfecci\u00f3n el mercado local y trabajamos para ofrecerte una amplia gama de propiedades, desde viviendas en venta y alquiler, hasta naves industriales y fincas r\u00fasticas. Nuestro compromiso es brindarte un asesoramiento transparente y eficaz, asegur\u00e1ndonos de que cada operaci\u00f3n se lleve a cabo con la m\u00e1xima seguridad y garant\u00eda.<\/p>\n<p style=\"text-align: center;\"><b>\u00bfQu\u00e9 ofrecemos en N\u00fa\u00f1ez &amp; N\u00fa\u00f1ez?<\/b><\/p>\n<p style=\"text-align: justify;\"><b>\ud83c\udfe1 Venta y alquiler de viviendas<\/b><\/p>\n<p style=\"text-align: justify;\">Si buscas comprar o alquilar una casa, ponemos a tu disposici\u00f3n un cat\u00e1logo de inmuebles adaptados a diferentes necesidades y presupuestos. Te asesoramos durante todo el proceso, desde la b\u00fasqueda hasta la firma del contrato, para que encuentres el hogar ideal sin complicaciones.<\/p>\n<p style=\"text-align: justify;\"><b>\ud83c\udfe2 Gesti\u00f3n de naves industriales<\/b><\/p>\n<p style=\"text-align: justify;\">Para empresas y emprendedores que necesitan un espacio adecuado para su negocio, contamos con una selecci\u00f3n de naves industriales en diferentes ubicaciones. Te ayudamos a encontrar el lugar perfecto para el crecimiento de tu empresa.<\/p>\n<p style=\"text-align: justify;\"><b>\ud83c\udf3f Fincas r\u00fasticas<\/b><\/p>\n<p style=\"text-align: justify;\">Si est\u00e1s interesado en el sector agr\u00edcola o buscas una finca r\u00fastica para inversi\u00f3n o uso personal, en N\u00fa\u00f1ez &amp; N\u00fa\u00f1ez te ofrecemos asesoramiento especializado en este tipo de propiedades, asegur\u00e1ndonos de que encuentres la mejor opci\u00f3n seg\u00fan tus necesidades.<\/p>\n<p style=\"text-align: justify;\"><b>\ud83d\udccb Asesoramiento inmobiliario personalizado<\/b><\/p>\n<p style=\"text-align: justify;\">Sabemos que el mundo inmobiliario puede ser complejo, por eso nuestro equipo de profesionales te guiar\u00e1 en cada paso del proceso, ya sea para comprar, vender o alquilar una propiedad. Nos encargamos de todos los tr\u00e1mites y gestiones necesarias para que la operaci\u00f3n sea r\u00e1pida, segura y sin preocupaciones.<\/p>\n<p style=\"text-align: center;\"><b>\u00bfPor qu\u00e9 elegirnos?<\/b><\/p>\n<p style=\"text-align: justify;\">\n<p style=\"text-align: justify;\">\u2714 Experiencia y conocimiento del mercado: Contamos con un equipo con amplia trayectoria en el sector inmobiliario en Olivenza.<\/p>\n<p style=\"text-align: justify;\">\u2714 Trato cercano y personalizado: Cada cliente es \u00fanico, por lo que ofrecemos soluciones adaptadas a cada necesidad.<\/p>\n<p style=\"text-align: justify;\">\u2714 Compromiso y transparencia: Trabajamos con honestidad y claridad, asegur\u00e1ndonos de que cada operaci\u00f3n se realice con la m\u00e1xima confianza.<\/p>\n<p style=\"text-align: justify;\">\u2714 Gesti\u00f3n integral: Nos ocupamos de todo el proceso, desde la b\u00fasqueda hasta la firma del contrato, para que no tengas que preocuparte por nada.<\/p>\n<p style=\"text-align: justify;\">\n<p style=\"text-align: justify;\">En <b>N\u00fa\u00f1ez &amp; N\u00fa\u00f1ez<\/b>, nuestro objetivo es que encuentres la propiedad perfecta o concretes la venta o alquiler de tu inmueble de la manera m\u00e1s sencilla y segura.<\/p>\n<p style=\"text-align: justify;\">Si buscas una inmobiliaria de confianza en Olivenza, no dudes en ponerte en contacto con nosotros. \u00a1Estaremos encantados de ayudarte a hacer realidad tus proyectos inmobiliarios!<\/p>\n<\/div><\/div><\/div><\/div><\/div><div class=\"fusion-fullwidth fullwidth-box fusion-builder-row-2 fusion-flex-container has-pattern-background has-mask-background nonhundred-percent-fullwidth non-hundred-percent-height-scrolling\" style=\"--awb-border-radius-top-left:0px;--awb-border-radius-top-right:0px;--awb-border-radius-bottom-right:0px;--awb-border-radius-bottom-left:0px;--awb-flex-wrap:wrap;\" ><div class=\"fusion-builder-row fusion-row fusion-flex-align-items-flex-start fusion-flex-content-wrap\" style=\"max-width:1248px;margin-left: calc(-4% \/ 2 );margin-right: calc(-4% \/ 2 );\"><div class=\"fusion-layout-column fusion_builder_column fusion-builder-column-1 fusion_builder_column_1_1 1_1 fusion-flex-column\" style=\"--awb-bg-size:cover;--awb-width-large:100%;--awb-spacing-right-large:1.92%;--awb-margin-bottom-large:0px;--awb-spacing-left-large:1.92%;--awb-width-medium:100%;--awb-order-medium:0;--awb-spacing-right-medium:1.92%;--awb-spacing-left-medium:1.92%;--awb-width-small:100%;--awb-order-small:0;--awb-spacing-right-small:1.92%;--awb-spacing-left-small:1.92%;\"><div class=\"fusion-column-wrapper fusion-column-has-shadow fusion-flex-justify-content-flex-start fusion-content-layout-column\"><div class=\"fusion-section-separator section-separator custom fusion-section-separator-1\" style=\"--awb-spacer-height:30px;--awb-svg-margin-left:1.92%;--awb-svg-margin-right:1.92%;--awb-svg-margin-left-medium:1.92%;--awb-svg-margin-right-medium:1.92%;--awb-svg-margin-left-small:1.92%;--awb-svg-margin-right-small:1.92%;--awb-divider-height:30px;--awb-spacer-padding-top:inherit;--awb-bg-size:100% 30px;--awb-bg-size-medium:100% 100%;--awb-bg-size-small:100% 100%;--awb-margin-top:-30px;\"><div class=\"fusion-section-separator-svg\"><div class=\"fusion-custom-candy-sep fusion-section-separator-svg-bg\" style=\"background-image:url( data:image\/svg+xml;utf8,%3Csvg%20width%3D%221920%22%20height%3D%22100%22%20viewBox%3D%220%200%201920%20100%22%20fill%3D%22rgba%28255%2C255%2C255%2C1%29%22%20xmlns%3D%22http%3A%2F%2Fwww.w3.org%2F2000%2Fsvg%22%3E%0A%3Crect%20x%3D%22960%22%20width%3D%22960%22%20height%3D%22100%22%20fill%3D%22rgba%28255%2C255%2C255%2C1%29%22%2F%3E%0A%3C%2Fsvg%3E%0A );background-size:cover;\"><\/div><\/div><div class=\"fusion-section-separator-spacer\"><div class=\"fusion-section-separator-spacer-height\"><\/div><\/div><\/div><\/div><\/div><\/div><\/div><div class=\"fusion-fullwidth fullwidth-box fusion-builder-row-3 fusion-flex-container has-pattern-background has-mask-background hundred-percent-fullwidth non-hundred-percent-height-scrolling\" style=\"--awb-border-radius-top-left:0px;--awb-border-radius-top-right:0px;--awb-border-radius-bottom-right:0px;--awb-border-radius-bottom-left:0px;--awb-flex-wrap:wrap;\" ><div class=\"fusion-builder-row fusion-row fusion-flex-align-items-flex-start fusion-flex-content-wrap\" style=\"width:104% !important;max-width:104% !important;margin-left: calc(-4% \/ 2 );margin-right: calc(-4% \/ 2 );\"><div class=\"fusion-layout-column fusion_builder_column fusion-builder-column-2 fusion_builder_column_1_1 1_1 fusion-flex-column\" style=\"--awb-bg-size:cover;--awb-width-large:100%;--awb-spacing-right-large:0px;--awb-margin-bottom-large:0px;--awb-spacing-left-large:0px;--awb-width-medium:100%;--awb-order-medium:0;--awb-spacing-right-medium:0px;--awb-spacing-left-medium:0px;--awb-width-small:100%;--awb-order-small:0;--awb-spacing-right-small:1.92%;--awb-spacing-left-small:1.92%;\"><div class=\"fusion-column-wrapper fusion-column-has-shadow fusion-flex-justify-content-flex-start fusion-content-layout-column\"><div class=\"fusion-separator fusion-full-width-sep\" style=\"align-self: center;margin-left: auto;margin-right: auto;width:100%;\"><div class=\"fusion-separator-border sep-single sep-solid\" style=\"--awb-height:20px;--awb-amount:20px;border-color:var(--awb-color3);border-top-width:1px;\"><\/div><\/div><\/div><\/div><\/div><\/div><\/p>","protected":false},"excerpt":{"rendered":"","protected":false},"author":1,"featured_media":0,"parent":0,"menu_order":0,"comment_status":"closed","ping_status":"closed","template":"100-width.php","meta":{"footnotes":""},"class_list":["post-1231","page","type-page","status-publish","hentry"],"_links":{"self":[{"href":"https:\/\/xn--inmogestionnuez-brb.es\/en\/wp-json\/wp\/v2\/pages\/1231","targetHints":{"allow":["GET"]}}],"collection":[{"href":"https:\/\/xn--inmogestionnuez-brb.es\/en\/wp-json\/wp\/v2\/pages"}],"about":[{"href":"https:\/\/xn--inmogestionnuez-brb.es\/en\/wp-json\/wp\/v2\/types\/page"}],"author":[{"embeddable":true,"href":"https:\/\/xn--inmogestionnuez-brb.es\/en\/wp-json\/wp\/v2\/users\/1"}],"replies":[{"embeddable":true,"href":"https:\/\/xn--inmogestionnuez-brb.es\/en\/wp-json\/wp\/v2\/comments?post=1231"}],"version-history":[{"count":3,"href":"https:\/\/xn--inmogestionnuez-brb.es\/en\/wp-json\/wp\/v2\/pages\/1231\/revisions"}],"predecessor-version":[{"id":8347,"href":"https:\/\/xn--inmogestionnuez-brb.es\/en\/wp-json\/wp\/v2\/pages\/1231\/revisions\/8347"}],"wp:attachment":[{"href":"https:\/\/xn--inmogestionnuez-brb.es\/en\/wp-json\/wp\/v2\/media?parent=1231"}],"curies":[{"name":"wp","href":"https:\/\/api.w.org\/{rel}","templated":true}]}}